{"id":25407,"date":"2026-03-03T14:45:52","date_gmt":"2026-03-03T14:45:52","guid":{"rendered":"https:\/\/brasiltobrazil.com\/home\/"},"modified":"2026-04-01T22:27:16","modified_gmt":"2026-04-01T22:27:16","slug":"home","status":"publish","type":"page","link":"https:\/\/brasiltobrazil.com\/pt\/","title":{"rendered":"Idioma que conecta na vida real."},"content":{"rendered":"<div style=\"height:42px\" aria-hidden=\"true\" class=\"wp-block-spacer\"><\/div>\n\n\n\n<p class=\"has-text-align-left\">Um espa\u00e7o seguro para conversas reais, interc\u00e2mbio cultural e conex\u00f5es significativas.<br><br>Aprendizado de idioma com contexto real. <br><br>Construa conex\u00f5es al\u00e9m do turismo.<br><br>Sem clich\u00eas. Sem exotiza\u00e7\u00e3o.<br><br>Apenas idioma, cultura e pessoas como s\u00e3o.<br><br>Idioma para conversas reais, conex\u00f5es significativas e oportunidades reais.<\/p>\n\n\n\n<div style=\"height:42px\" aria-hidden=\"true\" class=\"wp-block-spacer\"><\/div>\n\n\n\n<div class=\"wp-block-columns cards-wide is-layout-flex wp-container-core-columns-is-layout-4ba143a1 wp-block-columns-is-layout-flex\" style=\"padding-top:0;padding-right:0;padding-bottom:0;padding-left:0\">\n<div class=\"wp-block-column is-layout-flow wp-block-column-is-layout-flow\">\n<div class=\"wp-block-group card-link has-global-padding is-layout-constrained wp-block-group-is-layout-constrained\">\n<div class=\"wp-block-group has-border-color has-background has-global-padding is-layout-constrained wp-container-core-group-is-layout-d0f6681f wp-block-group-is-layout-constrained\" style=\"border-color:#123a44;border-width:1px;background-color:#f6f1ea;min-height:322px;margin-top:0;margin-bottom:0\">\n<h4 class=\"wp-block-heading alignwide has-text-align-center\" id=\"we-re-a-studio-in-berlin-with-an-international-practice-in-architecture-urban-planning-and-interior-design-we-believe-in-sharing-knowledge-and-promoting-dialogue-to-increase-the-creative-potential-of-collaboration\" style=\"font-size:clamp(20px, 1.25rem + ((1vw - 3.2px) * 1.25), 32px);line-height:1.1\">Eu n\u00e3o sou do Brasil<\/h4>\n\n\n\n<h2 class=\"wp-block-heading has-text-align-center\">Ajude-me a me conectar<\/h2>\n<\/div>\n\n\n\n<a href=\"\/pt\/rio-walk-tour\/\" class=\"card-overlay-link\"><\/a>\n<\/div>\n\n\n\n<div class=\"wp-block-buttons is-content-justification-center is-layout-flex wp-container-core-buttons-is-layout-6dfd03a8 wp-block-buttons-is-layout-flex\" style=\"border-top-left-radius:8px;border-top-right-radius:8px;border-bottom-left-radius:8px;border-bottom-right-radius:8px;margin-top:34px;margin-bottom:34px;padding-top:12px;padding-right:28px;padding-bottom:12px;padding-left:28px\">\n<div class=\"wp-block-button cta-book\"><a class=\"wp-block-button__link has-text-color has-background has-link-color has-libre-baskerville-font-family has-small-font-size has-custom-font-size wp-element-button\" href=\"#\" style=\"border-top-left-radius:8px;border-top-right-radius:8px;border-bottom-left-radius:8px;border-bottom-right-radius:8px;color:#f6f1ea;background-color:#c46a3a;padding-top:16px;padding-right:28px;padding-bottom:16px;padding-left:28px\">Escolha seu caminho<\/a><\/div>\n<\/div>\n<\/div>\n\n\n\n<div class=\"wp-block-column is-layout-flow wp-block-column-is-layout-flow\">\n<div class=\"wp-block-group card-link has-border-color has-background has-global-padding is-layout-constrained wp-container-core-group-is-layout-45a1e84a wp-block-group-is-layout-constrained\" style=\"border-color:#123a44;border-width:1px;border-top-left-radius:16px;border-top-right-radius:16px;border-bottom-left-radius:16px;border-bottom-right-radius:16px;background-color:#f6f1ea;min-height:320px;box-shadow:var(--wp--preset--shadow--crisp)\">\n<div class=\"wp-block-group has-border-color has-background has-global-padding is-layout-constrained wp-container-core-group-is-layout-d0f6681f wp-block-group-is-layout-constrained\" style=\"border-color:#123a44;border-width:1px;background-color:#f6f1ea;min-height:322px;margin-top:0;margin-bottom:0\">\n<h4 class=\"wp-block-heading alignwide has-text-align-center\" id=\"we-re-a-studio-in-berlin-with-an-international-practice-in-architecture-urban-planning-and-interior-design-we-believe-in-sharing-knowledge-and-promoting-dialogue-to-increase-the-creative-potential-of-collaboration\" style=\"font-size:clamp(20px, 1.25rem + ((1vw - 3.2px) * 1.25), 32px);line-height:1.1\">Eu sou brasileiro<\/h4>\n\n\n\n<h2 class=\"wp-block-heading has-text-align-center\">Conecte-me com o mundo<\/h2>\n<\/div>\n\n\n\n<a href=\"\/pt\/rio-walk-tour\/\" class=\"card-overlay-link\"><\/a>\n<\/div>\n\n\n\n<div class=\"wp-block-buttons is-content-justification-center is-layout-flex wp-container-core-buttons-is-layout-6dfd03a8 wp-block-buttons-is-layout-flex\" style=\"border-top-left-radius:8px;border-top-right-radius:8px;border-bottom-left-radius:8px;border-bottom-right-radius:8px;margin-top:34px;margin-bottom:34px;padding-top:12px;padding-right:28px;padding-bottom:12px;padding-left:28px\">\n<div class=\"wp-block-button cta-book\"><a class=\"wp-block-button__link has-text-color has-background has-link-color has-libre-baskerville-font-family has-small-font-size has-custom-font-size wp-element-button\" href=\"#\" style=\"border-top-left-radius:8px;border-top-right-radius:8px;border-bottom-left-radius:8px;border-bottom-right-radius:8px;color:#f6f1ea;background-color:#c46a3a;padding-top:16px;padding-right:28px;padding-bottom:16px;padding-left:28px\">Escolha seu caminho<\/a><\/div>\n<\/div>\n<\/div>\n<\/div>\n\n\n\n<p><\/p>","protected":false},"excerpt":{"rendered":"<p>A safe space for real conversations, cultural exchange and meaningful connections. Language learning with real context. Build connections beyond tourism. No clich\u00e9s. No exotic fantasy. Just language, culture and people as they are. Language for real conversations, meaningful connections and real opportunities. I&#8217;m not from Brazil Help me connect I&#8217;m Brazilian Take me global<\/p>","protected":false},"author":1,"featured_media":0,"parent":0,"menu_order":0,"comment_status":"closed","ping_status":"closed","template":"","meta":{"_uag_custom_page_level_css":"","footnotes":""},"class_list":["post-25407","page","type-page","status-publish","hentry"],"aioseo_notices":[],"_hostinger_reach_plugin_has_subscription_block":false,"_hostinger_reach_plugin_is_elementor":false,"uagb_featured_image_src":{"full":false,"thumbnail":false,"medium":false,"medium_large":false,"large":false,"1536x1536":false,"2048x2048":false,"trp-custom-language-flag":false},"uagb_author_info":{"display_name":"profadanigomes@gmail.com","author_link":"https:\/\/brasiltobrazil.com\/pt\/author\/profadanigomesgmail-com\/"},"uagb_comment_info":0,"uagb_excerpt":"A safe space for real conversations, cultural exchange and meaningful connections. Language learning with real context. Build connections beyond tourism. No clich\u00e9s. No exotic fantasy. Just language, culture and people as they are. Language for real conversations, meaningful connections and real opportunities. I&#8217;m not from Brazil Help me connect I&#8217;m Brazilian Take me global","_links":{"self":[{"href":"https:\/\/brasiltobrazil.com\/pt\/wp-json\/wp\/v2\/pages\/25407","targetHints":{"allow":["GET"]}}],"collection":[{"href":"https:\/\/brasiltobrazil.com\/pt\/wp-json\/wp\/v2\/pages"}],"about":[{"href":"https:\/\/brasiltobrazil.com\/pt\/wp-json\/wp\/v2\/types\/page"}],"author":[{"embeddable":true,"href":"https:\/\/brasiltobrazil.com\/pt\/wp-json\/wp\/v2\/users\/1"}],"replies":[{"embeddable":true,"href":"https:\/\/brasiltobrazil.com\/pt\/wp-json\/wp\/v2\/comments?post=25407"}],"version-history":[{"count":45,"href":"https:\/\/brasiltobrazil.com\/pt\/wp-json\/wp\/v2\/pages\/25407\/revisions"}],"predecessor-version":[{"id":27601,"href":"https:\/\/brasiltobrazil.com\/pt\/wp-json\/wp\/v2\/pages\/25407\/revisions\/27601"}],"wp:attachment":[{"href":"https:\/\/brasiltobrazil.com\/pt\/wp-json\/wp\/v2\/media?parent=25407"}],"curies":[{"name":"wp","href":"https:\/\/api.w.org\/{rel}","templated":true}]}}